{"id":15,"date":"2017-03-13T21:23:24","date_gmt":"2017-03-13T21:23:24","guid":{"rendered":"http:\/\/tur2017.de\/?page_id=15"},"modified":"2020-09-16T12:07:23","modified_gmt":"2020-09-16T10:07:23","slug":"reformation-fuer-alle","status":"publish","type":"page","link":"https:\/\/tur2017.de\/","title":{"rendered":"Reformation f\u00fcr Alle*"},"content":{"rendered":"<p><strong>* Transidentit\u00e4t &#8211; Transsexualit\u00e4t in der Kirche<\/strong><\/p>\n<p>Premiere des Spot &#8222;Reformation f\u00fcr Alle* auf dem Demokratiekongress 14.3.2017.<\/p>\n<p>Die Brosch\u00fcre zum Social Spot &#8222;Reformation f\u00fcr Alle&#8220; kann in gedruckter Form auf der &nbsp;<a href=\"https:\/\/www.bmfsfj.de\/bmfsfj\/service\/publikationen\/reformation-fuer-alle\/114154\" target=\"_blank\" rel=\"noopener noreferrer\">Website des Bundesministerium f\u00fcr Familie, Senioren, Frauen und Jugend<\/a>&nbsp;bestellt werden. Mit einem Klick auf das Cover der Brosch\u00fcre k\u00f6nnen Sie diese direkt als pdf herunterladen.<\/p>\n<figure id=\"attachment_18\" aria-describedby=\"caption-attachment-18\" style=\"width: 150px\" class=\"wp-caption alignleft\"><a href=\"https:\/\/www.bmfsfj.de\/blob\/114152\/befae36ba9e306d97c839eeddd3c55ff\/reformation-fuer-alle---transidentitaet---transsexualitaet-und-kirche-data.pdf\"><img loading=\"lazy\" decoding=\"async\" class=\"wp-image-18\" style=\"float: left;\" src=\"https:\/\/tur2017.de\/wp-content\/uploads\/2017\/03\/Cover.jpg\" alt=\"Cover der Brosch\u00fcre Reformation f\u00fcr Alle\" width=\"150\" height=\"212\"><\/a><figcaption id=\"caption-attachment-18\" class=\"wp-caption-text\">Cover der Brosch\u00fcre &#8222;Reformation f\u00fcr Alle*&#8220;<\/figcaption><\/figure>\n<p>Weitere Videointerviews werden in den n\u00e4chsten Wochen auf dieser Website ver\u00f6ffentlicht.<br \/>\nWenn Sie bei der Ver\u00f6ffentlichung von neuen Interviews benachrichtigt werden m\u00f6chten&nbsp;k\u00f6nnen Sie am unteren Ende der Seite unseren Newsletter abonnieren.<\/p>\n","protected":false},"excerpt":{"rendered":"<p>* Transidentit\u00e4t &#8211; Transsexualit\u00e4t in der Kirche Premiere des Spot &#8222;Reformation f\u00fcr Alle* auf dem Demokratiekongress 14.3.2017. Die Brosch\u00fcre zum Social Spot &#8222;Reformation f\u00fcr Alle&#8220; kann in gedruckter Form auf der &nbsp;Website des Bundesministerium f\u00fcr Familie, Senioren, Frauen und Jugend&nbsp;bestellt werden. Mit einem Klick auf das Cover der Brosch\u00fcre k\u00f6nnen Sie diese direkt als pdf &hellip; <\/p>\n<p class=\"link-more\"><a href=\"https:\/\/tur2017.de\/\" class=\"more-link\"><span class=\"screen-reader-text\">\u201eReformation f\u00fcr Alle*\u201c<\/span> weiterlesen<\/a><\/p>\n","protected":false},"author":1,"featured_media":0,"parent":0,"menu_order":0,"comment_status":"closed","ping_status":"closed","template":"","meta":{"footnotes":""},"class_list":["post-15","page","type-page","status-publish","hentry"],"_links":{"self":[{"href":"https:\/\/tur2017.de\/index.php?rest_route=\/wp\/v2\/pages\/15","targetHints":{"allow":["GET"]}}],"collection":[{"href":"https:\/\/tur2017.de\/index.php?rest_route=\/wp\/v2\/pages"}],"about":[{"href":"https:\/\/tur2017.de\/index.php?rest_route=\/wp\/v2\/types\/page"}],"author":[{"embeddable":true,"href":"https:\/\/tur2017.de\/index.php?rest_route=\/wp\/v2\/users\/1"}],"replies":[{"embeddable":true,"href":"https:\/\/tur2017.de\/index.php?rest_route=%2Fwp%2Fv2%2Fcomments&post=15"}],"version-history":[{"count":9,"href":"https:\/\/tur2017.de\/index.php?rest_route=\/wp\/v2\/pages\/15\/revisions"}],"predecessor-version":[{"id":49,"href":"https:\/\/tur2017.de\/index.php?rest_route=\/wp\/v2\/pages\/15\/revisions\/49"}],"wp:attachment":[{"href":"https:\/\/tur2017.de\/index.php?rest_route=%2Fwp%2Fv2%2Fmedia&parent=15"}],"curies":[{"name":"wp","href":"https:\/\/api.w.org\/{rel}","templated":true}]}}